{"id":169,"date":"2025-01-23T15:52:21","date_gmt":"2025-01-23T14:52:21","guid":{"rendered":"https:\/\/lespetitschercheursmicrocreche.fr\/?page_id=169"},"modified":"2025-01-24T07:32:56","modified_gmt":"2025-01-24T06:32:56","slug":"berceau-entreprise","status":"publish","type":"page","link":"https:\/\/lespetitschercheursmicrocreche.fr\/index.php\/berceau-entreprise\/","title":{"rendered":"Berceaux d&rsquo;entreprise"},"content":{"rendered":"<p>[et_pb_section fb_built=\u00a0\u00bb1&Prime; _builder_version=\u00a0\u00bb4.27.0&Prime; _module_preset=\u00a0\u00bbdefault\u00a0\u00bb background_color=\u00a0\u00bb#fffaf5&Prime; custom_padding=\u00a0\u00bb18px||15px|||\u00a0\u00bb hover_enabled=\u00a0\u00bb0&Prime; global_colors_info=\u00a0\u00bb{}\u00a0\u00bb bottom_divider_style=\u00a0\u00bbclouds2&Prime; sticky_enabled=\u00a0\u00bb0&Prime; height_last_edited=\u00a0\u00bbon|phone\u00a0\u00bb height_phone=\u00a0\u00bb328px\u00a0\u00bb custom_padding_last_edited=\u00a0\u00bbon|phone\u00a0\u00bb custom_padding_phone=\u00a0\u00bb10px||7px||false|false\u00a0\u00bb height=\u00a0\u00bb292px\u00a0\u00bb next_background_color=\u00a0\u00bb#ffffff\u00a0\u00bb height_tablet=\u00a0\u00bb292px\u00a0\u00bb custom_padding_tablet=\u00a0\u00bb18px||15px|||\u00a0\u00bb][et_pb_row _builder_version=\u00a0\u00bb4.27.0&Prime; _module_preset=\u00a0\u00bbdefault\u00a0\u00bb global_colors_info=\u00a0\u00bb{}\u00a0\u00bb][et_pb_column type=\u00a0\u00bb4_4&Prime; _builder_version=\u00a0\u00bb4.27.0&Prime; _module_preset=\u00a0\u00bbdefault\u00a0\u00bb global_colors_info=\u00a0\u00bb{}\u00a0\u00bb][et_pb_text _builder_version=\u00a0\u00bb4.27.0&Prime; _module_preset=\u00a0\u00bbdefault\u00a0\u00bb header_font=\u00a0\u00bb&#8211;et_global_heading_font|700|||||||\u00a0\u00bb header_text_color=\u00a0\u00bb#2ea3f2&Prime; hover_enabled=\u00a0\u00bb0&Prime; global_colors_info=\u00a0\u00bb{}\u00a0\u00bb sticky_enabled=\u00a0\u00bb0&Prime; header_font_size_last_edited=\u00a0\u00bbon|phone\u00a0\u00bb header_font_size_phone=\u00a0\u00bb25px\u00a0\u00bb]<\/p>\n<h1 style=\"text-align: center;\"><span>Le <\/span><span style=\"color: #008000;\">berceau entreprise<\/span><\/h1>\n<p>[\/et_pb_text][et_pb_text _builder_version=\u00a0\u00bb4.27.0&Prime; _module_preset=\u00a0\u00bbdefault\u00a0\u00bb hover_enabled=\u00a0\u00bb0&Prime; global_colors_info=\u00a0\u00bb{}\u00a0\u00bb header_font_size_last_edited=\u00a0\u00bbon|phone\u00a0\u00bb header_font_size_phone=\u00a0\u00bb24px\u00a0\u00bb text_font_size_last_edited=\u00a0\u00bbon|phone\u00a0\u00bb text_font_size_phone=\u00a0\u00bb14px\u00a0\u00bb sticky_enabled=\u00a0\u00bb0&Prime; header_3_font_size_last_edited=\u00a0\u00bbon|phone\u00a0\u00bb header_3_font_size_phone=\u00a0\u00bb20px\u00a0\u00bb header_3_line_height_last_edited=\u00a0\u00bbon|phone\u00a0\u00bb header_3_line_height_phone=\u00a0\u00bb1.5em\u00a0\u00bb]<\/p>\n<h3 data-pm-slice=\"1 1 []\" style=\"text-align: center;\"><strong>Un engagement au service des familles et des entreprises<\/strong><\/h3>\n<p>[\/et_pb_text][\/et_pb_column][\/et_pb_row][\/et_pb_section][et_pb_section fb_built=\u00a0\u00bb1&Prime; _builder_version=\u00a0\u00bb4.27.0&Prime; _module_preset=\u00a0\u00bbdefault\u00a0\u00bb custom_padding=\u00a0\u00bb12px|||||\u00a0\u00bb hover_enabled=\u00a0\u00bb0&Prime; global_colors_info=\u00a0\u00bb{}\u00a0\u00bb custom_padding_last_edited=\u00a0\u00bbon|phone\u00a0\u00bb custom_padding_phone=\u00a0\u00bb0px||5px||false|false\u00a0\u00bb custom_margin_last_edited=\u00a0\u00bbon|phone\u00a0\u00bb custom_margin_phone=\u00a0\u00bb0px||||false|false\u00a0\u00bb sticky_enabled=\u00a0\u00bb0&Prime; custom_padding_tablet=\u00a0\u00bb12px|||||\u00a0\u00bb][et_pb_row _builder_version=\u00a0\u00bb4.27.0&Prime; _module_preset=\u00a0\u00bbdefault\u00a0\u00bb custom_padding=\u00a0\u00bb10px|||||\u00a0\u00bb hover_enabled=\u00a0\u00bb0&Prime; global_colors_info=\u00a0\u00bb{}\u00a0\u00bb custom_padding_last_edited=\u00a0\u00bbon|phone\u00a0\u00bb custom_padding_phone=\u00a0\u00bb0px||||false|false\u00a0\u00bb custom_margin_last_edited=\u00a0\u00bbon|phone\u00a0\u00bb custom_margin_phone=\u00a0\u00bb0px||||false|false\u00a0\u00bb sticky_enabled=\u00a0\u00bb0&Prime; custom_padding_tablet=\u00a0\u00bb10px|||||\u00a0\u00bb][et_pb_column type=\u00a0\u00bb4_4&Prime; _builder_version=\u00a0\u00bb4.27.0&Prime; _module_preset=\u00a0\u00bbdefault\u00a0\u00bb global_colors_info=\u00a0\u00bb{}\u00a0\u00bb][et_pb_text _builder_version=\u00a0\u00bb4.27.0&Prime; _module_preset=\u00a0\u00bbdefault\u00a0\u00bb text_font=\u00a0\u00bb&#8211;et_global_heading_font||||||||\u00a0\u00bb text_font_size=\u00a0\u00bb15px\u00a0\u00bb hover_enabled=\u00a0\u00bb0&Prime; global_colors_info=\u00a0\u00bb{}\u00a0\u00bb custom_padding_last_edited=\u00a0\u00bbon|phone\u00a0\u00bb custom_padding_phone=\u00a0\u00bb0px||||false|false\u00a0\u00bb custom_margin_last_edited=\u00a0\u00bbon|phone\u00a0\u00bb custom_margin_phone=\u00a0\u00bb0px||||false|false\u00a0\u00bb sticky_enabled=\u00a0\u00bb0&Prime;]<\/p>\n<div class=\"et_pb_row et_pb_row_1\">\n<div class=\"et_pb_column et_pb_column_4_4 et_pb_column_1  et_pb_css_mix_blend_mode_passthrough et-last-child\">\n<div class=\"et_pb_module et_pb_text et_pb_text_1  et_pb_text_align_left et_pb_bg_layout_light\">\n<div class=\"et_pb_text_inner\">\n<p><span>La conciliation entre vie professionnelle et vie familiale est un d\u00e9fi pour de nombreux parents. Les berceaux d\u2019entreprise offrent une <strong>solution concr\u00e8te et efficace pour les salari\u00e9s-parents et leurs employeurs<\/strong>. En r\u00e9servant une ou plusieurs places \u00e0 la micro-cr\u00e8che \u00ab\u00a0Les Petits Chercheurs\u00a0\u00bb, les entreprises <strong>soutiennent leurs collaborateurs tout en valorisant leur responsabilit\u00e9 soci\u00e9tale.<\/strong><\/span><\/p>\n<div>\n<hr \/>\n<\/div>\n<p><span>L\u2019entreprise peut r\u00e9server un berceau pour ses salari\u00e9s. Elle cotise annuellement pour une place dont elle peut disposer \u00e0 tout moment pour son ou ses salari\u00e9s \u00e0 temps plein ou temps partiel.<\/span><\/p>\n<p><span><\/span><\/p>\n<\/div>\n<\/div>\n<\/div>\n<\/div>\n<p>[\/et_pb_text][et_pb_text _builder_version=\u00a0\u00bb4.27.0&Prime; _module_preset=\u00a0\u00bbdefault\u00a0\u00bb header_font=\u00a0\u00bb&#8211;et_global_heading_font|700|||||||\u00a0\u00bb header_text_color=\u00a0\u00bb#2ea3f2&Prime; hover_enabled=\u00a0\u00bb0&Prime; global_colors_info=\u00a0\u00bb{}\u00a0\u00bb header_font_size_last_edited=\u00a0\u00bbon|phone\u00a0\u00bb header_font_size_phone=\u00a0\u00bb25px\u00a0\u00bb sticky_enabled=\u00a0\u00bb0&Prime;]<\/p>\n<h1 style=\"text-align: center;\"><span>Les <\/span><span style=\"color: #008000;\">avantages du berceau d&rsquo;entreprise<\/span><\/h1>\n<p>[\/et_pb_text][\/et_pb_column][\/et_pb_row][et_pb_row _builder_version=\u00a0\u00bb4.27.0&Prime; _module_preset=\u00a0\u00bbdefault\u00a0\u00bb background_color=\u00a0\u00bbrgba(46,163,242,0.11)\u00a0\u00bb custom_padding=\u00a0\u00bb||20px|24px|false|false\u00a0\u00bb global_colors_info=\u00a0\u00bb{}\u00a0\u00bb][et_pb_column type=\u00a0\u00bb4_4&Prime; _builder_version=\u00a0\u00bb4.27.0&Prime; _module_preset=\u00a0\u00bbdefault\u00a0\u00bb global_colors_info=\u00a0\u00bb{}\u00a0\u00bb][et_pb_text _builder_version=\u00a0\u00bb4.27.0&Prime; _module_preset=\u00a0\u00bbdefault\u00a0\u00bb custom_margin=\u00a0\u00bb||8px|||\u00a0\u00bb custom_padding=\u00a0\u00bb||1px|||\u00a0\u00bb hover_enabled=\u00a0\u00bb0&Prime; global_colors_info=\u00a0\u00bb{}\u00a0\u00bb custom_padding_last_edited=\u00a0\u00bbon|phone\u00a0\u00bb custom_padding_phone=\u00a0\u00bb|0px|1px|0px|false|false\u00a0\u00bb custom_margin_last_edited=\u00a0\u00bbon|phone\u00a0\u00bb custom_margin_phone=\u00a0\u00bb||8px|0px|false|false\u00a0\u00bb sticky_enabled=\u00a0\u00bb0&Prime; header_3_font_size_last_edited=\u00a0\u00bbon|phone\u00a0\u00bb header_3_font_size_phone=\u00a0\u00bb20px\u00a0\u00bb custom_padding_tablet=\u00a0\u00bb||1px|||\u00a0\u00bb custom_margin_tablet=\u00a0\u00bb||8px|||\u00a0\u00bb]<\/p>\n<h3><strong>Pour le parent-salari\u00e9 :<\/strong><\/h3>\n<hr \/>\n<p>&nbsp;<\/p>\n<p>[\/et_pb_text][et_pb_text _builder_version=\u00a0\u00bb4.27.0&Prime; _module_preset=\u00a0\u00bbdefault\u00a0\u00bb text_font_size=\u00a0\u00bb15px\u00a0\u00bb hover_enabled=\u00a0\u00bb0&Prime; global_colors_info=\u00a0\u00bb{}\u00a0\u00bb custom_padding_last_edited=\u00a0\u00bbon|phone\u00a0\u00bb custom_padding_phone=\u00a0\u00bb|11px||0px|false|false\u00a0\u00bb sticky_enabled=\u00a0\u00bb0&Prime;]<\/p>\n<ul data-spread=\"false\" data-pm-slice=\"3 3 []\">\n<li><span><strong>S\u00e9curit\u00e9 et tranquillit\u00e9 d\u2019esprit<\/strong><\/span><span> : Une place garantie pour leur enfant, proche de leur lieu de travail, permettant une reprise du travail facilit\u00e9e\u00a0<\/span><\/li>\n<li><strong>Tarif r\u00e9duit <\/strong>similaire \u00e0 une cr\u00e8che municipale\u00a0au sein d\u2019une structure priv\u00e9e avec un taux d\u2019encadrement important<span><\/span><\/li>\n<li><span><strong>Souplesse et r\u00e9duction du stress<\/strong><\/span><span> : Des horaires adapt\u00e9s pour faciliter la gestion des journ\u00e9es, en phase avec les besoins professionnels.<\/span><\/li>\n<li><span><strong>Un cadre stimulant pour l\u2019enfant, rassurant pour les parents<\/strong><\/span><span>\u00a0: La garantie d\u2019une prise en charge personnalis\u00e9e et de qualit\u00e9, propice \u00e0 l\u2019\u00e9veil et au d\u00e9veloppement de l\u2019enfant.<\/span><\/li>\n<\/ul>\n<ul><\/ul>\n<p>[\/et_pb_text][\/et_pb_column][\/et_pb_row][et_pb_row _builder_version=\u00a0\u00bb4.27.0&Prime; _module_preset=\u00a0\u00bbdefault\u00a0\u00bb background_color=\u00a0\u00bbrgba(0,128,0,0.14)\u00a0\u00bb custom_margin=\u00a0\u00bb20px||||false|false\u00a0\u00bb custom_padding=\u00a0\u00bb|||18px|false|false\u00a0\u00bb global_colors_info=\u00a0\u00bb{}\u00a0\u00bb][et_pb_column type=\u00a0\u00bb4_4&Prime; _builder_version=\u00a0\u00bb4.27.0&Prime; _module_preset=\u00a0\u00bbdefault\u00a0\u00bb global_colors_info=\u00a0\u00bb{}\u00a0\u00bb][et_pb_text _builder_version=\u00a0\u00bb4.27.0&Prime; _module_preset=\u00a0\u00bbdefault\u00a0\u00bb custom_margin=\u00a0\u00bb||11px|||\u00a0\u00bb hover_enabled=\u00a0\u00bb0&Prime; global_colors_info=\u00a0\u00bb{}\u00a0\u00bb header_3_font_size_last_edited=\u00a0\u00bbon|phone\u00a0\u00bb header_3_font_size_phone=\u00a0\u00bb20px\u00a0\u00bb sticky_enabled=\u00a0\u00bb0&Prime;]<\/p>\n<h3><strong>Pour l&rsquo;entreprise du salari\u00e9 :\u00a0<\/strong><\/h3>\n<hr \/>\n<p>&nbsp;<\/p>\n<p>[\/et_pb_text][et_pb_text _builder_version=\u00a0\u00bb4.27.0&Prime; _module_preset=\u00a0\u00bbdefault\u00a0\u00bb hover_enabled=\u00a0\u00bb0&Prime; global_colors_info=\u00a0\u00bb{}\u00a0\u00bb custom_padding_last_edited=\u00a0\u00bbon|phone\u00a0\u00bb custom_padding_phone=\u00a0\u00bb|11px|||false|false\u00a0\u00bb sticky_enabled=\u00a0\u00bb0&Prime;]<\/p>\n<ul>\n<li><span><strong>Renforcement de l\u2019attractivit\u00e9 et de la fid\u00e9lit\u00e9<\/strong><\/span><span> : Offrir des berceaux d\u2019entreprise est un v\u00e9ritable atout pour recruter et retenir les talents en valorisant une politique sociale forte.<\/span><\/li>\n<li><span><strong>Am\u00e9lioration de la productivit\u00e9<\/strong><\/span><span> : En r\u00e9duisant les pr\u00e9occupations li\u00e9es \u00e0 la garde d\u2019enfants, les salari\u00e9s sont plus sereins et pleinement investis dans leur travail.<\/span><\/li>\n<li><span><strong>Une d\u00e9marche RSE concr\u00e8te<\/strong><\/span><span> : Proposer des solutions de garde illustre l\u2019engagement de l\u2019entreprise envers le bien-\u00eatre de ses collaborateurs et leur famille.<\/span><\/li>\n<li><strong>Des avantages financiers : Un co\u00fbt global mensuel inf\u00e9rieur \u00e0 200 \u20ac ET d<\/strong><strong>es aides fiscales <\/strong><span>\u00a0(F<\/span>inancement \u00e0 hauteur de 83% le co\u00fbt d&rsquo;un berceau)<\/li>\n<li><strong>Un co\u00fbt net apr\u00e8s d\u00e9ductions fiscales<\/strong><span>\u00a0<\/span>qui peut \u00eatre partag\u00e9 avec le Comit\u00e9 d\u2019entreprise<\/li>\n<li><strong>Une image d\u2019entreprise attentive au bien-\u00eatre de ses collaborateurs<\/strong>, et impliqu\u00e9e pour faciliter la conciliation vie professionnelle \u2013 vie familiale<\/li>\n<li><strong>D\u00e9marche permettant d\u2019accompagner la signature de la charte de la parentalit\u00e9<\/strong><span>\u00a0<\/span>en entreprise, ou d\u2019engagements pour la parit\u00e9 ou la diversit\u00e9<\/li>\n<\/ul>\n<ul><\/ul>\n<p>[\/et_pb_text][\/et_pb_column][\/et_pb_row][et_pb_row _builder_version=\u00a0\u00bb4.27.0&Prime; _module_preset=\u00a0\u00bbdefault\u00a0\u00bb global_colors_info=\u00a0\u00bb{}\u00a0\u00bb][et_pb_column type=\u00a0\u00bb4_4&Prime; _builder_version=\u00a0\u00bb4.27.0&Prime; _module_preset=\u00a0\u00bbdefault\u00a0\u00bb global_colors_info=\u00a0\u00bb{}\u00a0\u00bb][et_pb_text _builder_version=\u00a0\u00bb4.27.0&Prime; _module_preset=\u00a0\u00bbdefault\u00a0\u00bb text_font=\u00a0\u00bb&#8211;et_global_heading_font||||||||\u00a0\u00bb text_font_size=\u00a0\u00bb19px\u00a0\u00bb hover_enabled=\u00a0\u00bb0&Prime; global_colors_info=\u00a0\u00bb{}\u00a0\u00bb header_font_size_last_edited=\u00a0\u00bbon|phone\u00a0\u00bb header_font_size_phone=\u00a0\u00bb25px\u00a0\u00bb text_font_size_last_edited=\u00a0\u00bbon|phone\u00a0\u00bb text_font_size_phone=\u00a0\u00bb16px\u00a0\u00bb sticky_enabled=\u00a0\u00bb0&Prime; text_font_size_tablet=\u00a0\u00bb19px\u00a0\u00bb]<\/p>\n<p style=\"text-align: center;\">Vous \u00eates employeur et vous souhaitez r\u00e9server un berceau pour un ou plusieurs de vos salari\u00e9(s) ?<\/p>\n<p>[\/et_pb_text][et_pb_button button_url=\u00a0\u00bbmailto:lespetitschercheurs@gmx.fr\u00a0\u00bb button_text=\u00a0\u00bbContactez Les Petits Chercheurs\u00a0\u00bb button_alignment=\u00a0\u00bbcenter\u00a0\u00bb _builder_version=\u00a0\u00bb4.27.0&Prime; _module_preset=\u00a0\u00bbdefault\u00a0\u00bb custom_button=\u00a0\u00bbon\u00a0\u00bb button_text_color=\u00a0\u00bb#FFFFFF\u00a0\u00bb button_bg_color=\u00a0\u00bb#6FB2FF\u00a0\u00bb button_border_width=\u00a0\u00bb6px\u00a0\u00bb button_border_radius=\u00a0\u00bb14px\u00a0\u00bb button_font=\u00a0\u00bb&#8211;et_global_heading_font|700|||||||\u00a0\u00bb button_icon=\u00a0\u00bb&#xe076;||divi||400&Prime; button_icon_color=\u00a0\u00bb#FFFFFF\u00a0\u00bb hover_enabled=\u00a0\u00bb0&Prime; global_colors_info=\u00a0\u00bb{}\u00a0\u00bb button_text_size_last_edited=\u00a0\u00bbon|phone\u00a0\u00bb button_text_size_phone=\u00a0\u00bb17px\u00a0\u00bb sticky_enabled=\u00a0\u00bb0&Prime;][\/et_pb_button][\/et_pb_column][\/et_pb_row][\/et_pb_section]<\/p>\n","protected":false},"excerpt":{"rendered":"<p>Le berceau entrepriseUn engagement au service des familles et des entreprises La conciliation entre vie professionnelle et vie familiale est un d\u00e9fi pour de nombreux parents. Les berceaux d\u2019entreprise offrent une solution concr\u00e8te et efficace pour les salari\u00e9s-parents et leurs employeurs. En r\u00e9servant une ou plusieurs places \u00e0 la micro-cr\u00e8che \u00ab\u00a0Les Petits Chercheurs\u00a0\u00bb, les entreprises [&hellip;]<\/p>\n","protected":false},"author":1,"featured_media":0,"parent":0,"menu_order":0,"comment_status":"closed","ping_status":"closed","template":"","meta":{"_et_pb_use_builder":"on","_et_pb_old_content":"","_et_gb_content_width":"","footnotes":""},"class_list":["post-169","page","type-page","status-publish","hentry"],"_links":{"self":[{"href":"https:\/\/lespetitschercheursmicrocreche.fr\/index.php\/wp-json\/wp\/v2\/pages\/169","targetHints":{"allow":["GET"]}}],"collection":[{"href":"https:\/\/lespetitschercheursmicrocreche.fr\/index.php\/wp-json\/wp\/v2\/pages"}],"about":[{"href":"https:\/\/lespetitschercheursmicrocreche.fr\/index.php\/wp-json\/wp\/v2\/types\/page"}],"author":[{"embeddable":true,"href":"https:\/\/lespetitschercheursmicrocreche.fr\/index.php\/wp-json\/wp\/v2\/users\/1"}],"replies":[{"embeddable":true,"href":"https:\/\/lespetitschercheursmicrocreche.fr\/index.php\/wp-json\/wp\/v2\/comments?post=169"}],"version-history":[{"count":11,"href":"https:\/\/lespetitschercheursmicrocreche.fr\/index.php\/wp-json\/wp\/v2\/pages\/169\/revisions"}],"predecessor-version":[{"id":218,"href":"https:\/\/lespetitschercheursmicrocreche.fr\/index.php\/wp-json\/wp\/v2\/pages\/169\/revisions\/218"}],"wp:attachment":[{"href":"https:\/\/lespetitschercheursmicrocreche.fr\/index.php\/wp-json\/wp\/v2\/media?parent=169"}],"curies":[{"name":"wp","href":"https:\/\/api.w.org\/{rel}","templated":true}]}}